{"id":5965,"date":"2023-02-17T20:42:25","date_gmt":"2023-02-17T19:42:25","guid":{"rendered":"http:\/\/www.johannesmariapokorny.com\/?page_id=5965"},"modified":"2024-08-04T17:45:21","modified_gmt":"2024-08-04T16:45:21","slug":"references-2","status":"publish","type":"page","link":"https:\/\/www.johannesmariapokorny.com\/en\/references-2\/","title":{"rendered":"REFERENCES"},"content":{"rendered":"<div class=\"wpb-content-wrapper\">[vc_row][vc_column]<div class=\"vcex-spacing wpex-w-100 wpex-clear\" style=\"height:40px;\"><\/div>[vc_column_text]\n<blockquote><p><span style=\"color: #6d6d6b;\">Thank you very much for your CD! Theodora and I are really were honored as we have had a pleasure that day to meet you and the chance to hear wonderful music, especially because the music is created by you personally. <\/span><\/p>\n<p><span style=\"color: #6d6d6b;\">From now on, we are grateful in each moment when we are listening the CD and enjoy life itself much more powerful!<\/span><\/p>\n<p><span style=\"color: #6d6d6b;\">Thanks to your creation.The last two days are very beautiful. We have a pretty nice view from our windows on Belgrade, but now, I noticed, with the &#8220;Things Could Be Better&#8221;, things really are better.<\/span><\/p>\n<p><span style=\"color: #6d6d6b;\">I want to say as we live on that way, with the idea, that we are choosing to think only nice and positive things and thanks to that fact we attract similar people and beauty of them&#8230; On the same way, I believe, we met you.<\/span><\/p>\n<p><span style=\"color: #6d6d6b;\">All the best from T. from Zagreb!<\/span><\/p><\/blockquote>\n[\/vc_column_text]<div class=\"vcex-spacing wpex-w-100 wpex-clear\" style=\"height:10px;\"><\/div>[vc_column_text]\n<blockquote>\n<figure id=\"attachment_6405\" aria-describedby=\"caption-attachment-6405\" style=\"width: 400px\" class=\"wp-caption alignleft\"><img loading=\"lazy\" decoding=\"async\" class=\"wp-image-6405 size-full\" src=\"https:\/\/www.johannesmariapokorny.com\/wp-content\/uploads\/testimonial-on-napkin-Johannes-Maria-Pokorny-1-e1461536501681.jpg\" alt=\"Johannes Maria Pokorny - Testimonial on napkin from audience\" width=\"400\" height=\"300\" \/><figcaption id=\"caption-attachment-6405\" class=\"wp-caption-text\">Testimonial on napkin from audience<\/figcaption><\/figure>\n<p>&nbsp;<\/p>\n<p>&nbsp;<\/p>\n<p>&nbsp;<\/p>\n<p>&nbsp;<\/p>\n<p>&nbsp;<\/p>\n<p>&nbsp;<\/p>\n<p>&nbsp;<\/p>\n<p><span style=\"color: #6d6d6b;\">Your piano playing mesmerized me!<\/span><br \/>\n<span style=\"color: #6d6d6b;\">Christine W.<\/span><\/p>\n<p>&nbsp;<\/p><\/blockquote>\n[\/vc_column_text][\/vc_column][\/vc_row][vc_row][vc_column][vc_column_text]\n<blockquote><p><span style=\"color: #6d6d6b;\">&#8230;just listen to your music \u2013 it is gorgeous!<\/span><\/p><\/blockquote>\n<p><span style=\"color: #6d6d6b;\">O.S.<\/span><\/p>\n<p><span style=\"color: #6d6d6b;\">\u00a0<\/span><\/p>\n<blockquote><p><span style=\"color: #6d6d6b;\">Lieber johannes, ich habe deine cd den ganzen tag rauf und runter gespielt, sie ist wundersch\u00f6n!!!!\u00a0 Vielen dank u liebe gr\u00fc\u00dfe!<\/span><\/p>\n<p><span style=\"color: #6d6d6b;\">H.<\/span><\/p><\/blockquote>\n<p><span style=\"color: #6d6d6b;\">\u00a0<\/span><\/p>\n<blockquote><p><span style=\"color: #6d6d6b;\">Den Auszug Phantasia von Deiner 1. CD habe ich so oft geh\u00f6rt, dass ich dabei fast komplett vergessen habe Dir zu antworten. Ich war f\u00fcr die Zeit des Aufnehmens Deiner Musik wie im 7. Himmel. Danke f\u00fcr diesen Genuss!<\/span><\/p>\n<p><span style=\"color: #6d6d6b;\">Deine T\u00f6ne kommunizieren zu mir Klarheit, Leichtigkeit, sind fast schwerelos, ber\u00fchrend, frei und sinnlich, auch vermittelte es mir ein Gef\u00fchl von Zeitlosigkeit!<\/span><\/p>\n<p><span style=\"color: #6d6d6b;\">Bitte lass die Menschen nicht lange warten auf Deine Musik. Allein durch diese Kl\u00e4nge, wird die Umgebung friedvoller!<\/span><\/p>\n<p><span style=\"color: #6d6d6b;\">P. (aus Berlin)<\/span><\/p><\/blockquote>\n<p>&nbsp;<\/p>\n<blockquote><p><span style=\"color: #6d6d6b;\">Maestro !<\/span><\/p>\n<p><span style=\"color: #6d6d6b;\">I have your music from Hannelore!<\/span><\/p>\n<p><span style=\"color: #6d6d6b;\">I salute you Maestro !<\/span><\/p>\n<p><span style=\"color: #6d6d6b;\">A priviledge to receive such aesthetic wavelength !<\/span><\/p>\n<p><span style=\"color: #6d6d6b;\">With esteem,<\/span><\/p>\n<p><span style=\"color: #6d6d6b;\">R.F.<\/span><\/p><\/blockquote>\n<p>&nbsp;<\/p>\n<blockquote><p><span style=\"color: #6d6d6b;\">Hallo Herr Pokorny;<\/span><\/p>\n<p><span style=\"color: #6d6d6b;\">Juhhuuu!!!! \ud83d\ude42 CD ist heute angekommen..<\/span><\/p>\n<p><span style=\"color: #6d6d6b;\">Ich h\u00f6re sie schon zum vierten mal&#8230; Soooo\u00a0 sch\u00f6\u00f6\u00f6nnn&#8230;..<\/span><\/p>\n<p><span style=\"color: #6d6d6b;\">Also jetzt ist es fix. Ich brauche noch mindestens 100 Jahre, bis ich so spielen kann. Oder ein neues Leben \ud83d\ude42 Vielen, vielen Dank!!! Toll, dass so schnell geklappt hat. Noch eine erfolgreiche Woche,<\/span><\/p>\n<p><span style=\"color: #6d6d6b;\">LG, M.K.<\/span><\/p><\/blockquote>\n<p><span style=\"color: #6d6d6b;\">\u00a0<\/span><\/p>\n<blockquote><p><span style=\"color: #6d6d6b;\">Hallo Johannes!<\/span><\/p>\n<p><span style=\"color: #6d6d6b;\">We are just sailing in the Mediterranean Sea and are listening to your music&#8230;.gorgeous!<\/span><\/p>\n<p><span style=\"color: #6d6d6b;\">love\u00a0D.K.<\/span><\/p><\/blockquote>\n<p><span style=\"color: #6d6d6b;\">\u00a0<\/span><\/p>\n<blockquote><p><span style=\"color: #6d6d6b;\">My god! That was quite something! I put your CD in my computer and grabbed some very good head phones. Wowww! Breath-taking! Some tears! Amazing! Well done my friend :-)))) I took off!<\/span><\/p>\n<p><span style=\"color: #6d6d6b;\">J.P.<\/span><\/p><\/blockquote>\n<p><span style=\"color: #6d6d6b;\">\u00a0<\/span><\/p>\n<blockquote><p><span style=\"color: #6d6d6b;\">Hallo Hannes!<\/span><\/p>\n<p><span style=\"color: #6d6d6b;\">Wollte Dir nur sagen, dass Deine CD sehr gut ankommt! Auch bei mir!<\/span><\/p>\n<p><span style=\"color: #6d6d6b;\">Die Musik ist perfekt entspannend und wohltuend f\u00fcr jeden unserer Besucher!<\/span><\/p>\n<p><span style=\"color: #6d6d6b;\">Wir warten schon auf die n\u00e4chste!&#8230;.<\/span><\/p>\n<p><span style=\"color: #6d6d6b;\">Alles Liebe, \u00a0C.<\/span><\/p><\/blockquote>\n<p><span style=\"color: #6d6d6b;\">\u00a0<\/span><\/p>\n<blockquote><p><span style=\"color: #6d6d6b;\">Hello Mr Pokorny!<\/span><\/p>\n<p><span style=\"color: #6d6d6b;\">Thank you for your letter:) but most of all- thank you for the music<\/span><\/p>\n<p><span style=\"color: #6d6d6b;\">you played the other day :))<\/span><\/p>\n<p><span style=\"color: #6d6d6b;\">It indeed reminded me of Keith Jarrett, however it was a genuine dedication you performed your compositions with that made me step into the restaurant! I must say I had been a little bored with the city&#8230;until I sat down for coffee in the Gloriette and heard you play the tunes!<\/span><\/p>\n<p><span style=\"color: #6d6d6b;\">The city, the place, the time, the occasion and even the weather- your music made them all fall into place and let me experience my trip to Vienna as a fulfilled and unforgettable one.<\/span><\/p>\n<p><span style=\"color: #6d6d6b;\">I am looking forward to the forthcoming album &#8211; I will be more than happy to listen to your compositions again!<\/span><\/p>\n<p><span style=\"color: #6d6d6b;\">Truly grateful for the moment of clarity,<\/span><\/p>\n<p><span style=\"color: #6d6d6b;\">R.P.<\/span><\/p><\/blockquote>\n<blockquote><p>&nbsp;<\/p>\n<p><span style=\"color: #6d6d6b;\">Lieber Hr. Pokorny,<\/span><\/p>\n<p><span style=\"color: #6d6d6b;\">danke f\u00fcr Ihre Info. Lassen Sie uns bitte wissen, wann es Ihre CD wo zu kaufen gibt.<\/span><\/p>\n<p><span style=\"color: #6d6d6b;\">Die Beschreibung Ihres pers\u00f6nlichen Musikstils, die ich im Internet gefunden habe, ist wirklich sehr zutreffend, und so freuen wir uns auf eine CD oder ein n\u00e4chstes Mal in der Gloriette, wann immer das ist.<\/span><\/p>\n<p><span style=\"color: #6d6d6b;\">Ich w\u00fcnsche Ihnen viel Freude bei Ihrer Arbeit und dass Sie auch weiterhin diese Fr\u00f6hlichkeit, Leichtigkeit und auch Besinnlichkeit in dieser sch\u00f6nen Form vielen Menschen vermitteln k\u00f6nnen,<\/span><\/p>\n<p><span style=\"color: #6d6d6b;\">W.H.<\/span><\/p>\n<p>&nbsp;<\/p>\n<p><span style=\"color: #6d6d6b;\">Dear Johannes!<\/span><\/p>\n<p><span style=\"color: #6d6d6b;\">Thank you so much for this lovely Sunday morning, listening to your beautiful music while enjoying an excellent breakfast &#8211; was really perfect!<\/span><\/p>\n<p><span style=\"color: #6d6d6b;\">Love Z.H.<\/span><\/p>\n<p>&nbsp;<\/p>\n<p>&nbsp;<\/p><\/blockquote>\n[\/vc_column_text][\/vc_column][\/vc_row]\n<\/div>","protected":false},"excerpt":{"rendered":"<p>[vc_row][vc_column][vc_column_text] Thank you very much for your CD! Theodora and I are really were honored as we have had a pleasure that day to meet you and the chance to hear wonderful music, especially because the music is created by you personally. From now on, we are grateful in each moment when we are listening&hellip;<\/p>\n","protected":false},"author":4,"featured_media":0,"parent":0,"menu_order":0,"comment_status":"open","ping_status":"closed","template":"","meta":{"jetpack_post_was_ever_published":false,"footnotes":""},"class_list":["post-5965","page","type-page","status-publish","hentry","entry","no-media"],"yoast_head":"<!-- This site is optimized with the Yoast SEO plugin v23.1 - https:\/\/yoast.com\/wordpress\/plugins\/seo\/ -->\n<title>Johannes Maria Pokorny - References<\/title>\n<meta name=\"description\" content=\"Your piano playing mesmerized me! C.W. - The description of your own unique music style, which I found online, is really very accurate and we are looking forward to a CD or the next time in the Gloriette!\" \/>\n<meta name=\"robots\" content=\"index, follow, max-snippet:-1, max-image-preview:large, max-video-preview:-1\" \/>\n<link rel=\"canonical\" href=\"https:\/\/www.johannesmariapokorny.com\/en\/references-2\/\" \/>\n<meta property=\"og:locale\" content=\"en_US\" \/>\n<meta property=\"og:type\" content=\"article\" \/>\n<meta property=\"og:title\" content=\"Johannes Maria Pokorny - References\" \/>\n<meta property=\"og:description\" content=\"Your piano playing mesmerized me! C.W. - The description of your own unique music style, which I found online, is really very accurate and we are looking forward to a CD or the next time in the Gloriette!\" \/>\n<meta property=\"og:url\" content=\"https:\/\/www.johannesmariapokorny.com\/en\/references-2\/\" \/>\n<meta property=\"og:site_name\" content=\"Johannes Maria Pokorny\" \/>\n<meta property=\"article:publisher\" content=\"https:\/\/www.facebook.com\/pages\/Johannes-Maria-Pokorny\/1399076663671828?ref=stream\" \/>\n<meta property=\"article:modified_time\" content=\"2024-08-04T16:45:21+00:00\" \/>\n<meta property=\"og:image\" content=\"https:\/\/www.johannesmariapokorny.com\/wp-content\/uploads\/testimonial-on-napkin-Johannes-Maria-Pokorny-1-e1461536501681.jpg\" \/>\n<meta name=\"twitter:label1\" content=\"Est. reading time\" \/>\n\t<meta name=\"twitter:data1\" content=\"4 minutes\" \/>\n<script type=\"application\/ld+json\" class=\"yoast-schema-graph\">{\"@context\":\"https:\/\/schema.org\",\"@graph\":[{\"@type\":\"WebPage\",\"@id\":\"https:\/\/www.johannesmariapokorny.com\/en\/references-2\/\",\"url\":\"https:\/\/www.johannesmariapokorny.com\/en\/references-2\/\",\"name\":\"Johannes Maria Pokorny - References\",\"isPartOf\":{\"@id\":\"https:\/\/www.johannesmariapokorny.com\/en\/#website\"},\"primaryImageOfPage\":{\"@id\":\"https:\/\/www.johannesmariapokorny.com\/en\/references-2\/#primaryimage\"},\"image\":{\"@id\":\"https:\/\/www.johannesmariapokorny.com\/en\/references-2\/#primaryimage\"},\"thumbnailUrl\":\"https:\/\/www.johannesmariapokorny.com\/wp-content\/uploads\/testimonial-on-napkin-Johannes-Maria-Pokorny-1-e1461536501681.jpg\",\"datePublished\":\"2023-02-17T19:42:25+00:00\",\"dateModified\":\"2024-08-04T16:45:21+00:00\",\"description\":\"Your piano playing mesmerized me! C.W. - The description of your own unique music style, which I found online, is really very accurate and we are looking forward to a CD or the next time in the Gloriette!\",\"breadcrumb\":{\"@id\":\"https:\/\/www.johannesmariapokorny.com\/en\/references-2\/#breadcrumb\"},\"inLanguage\":\"en-US\",\"potentialAction\":[{\"@type\":\"ReadAction\",\"target\":[\"https:\/\/www.johannesmariapokorny.com\/en\/references-2\/\"]}]},{\"@type\":\"ImageObject\",\"inLanguage\":\"en-US\",\"@id\":\"https:\/\/www.johannesmariapokorny.com\/en\/references-2\/#primaryimage\",\"url\":\"https:\/\/www.johannesmariapokorny.com\/wp-content\/uploads\/testimonial-on-napkin-Johannes-Maria-Pokorny-1-e1461536501681.jpg\",\"contentUrl\":\"https:\/\/www.johannesmariapokorny.com\/wp-content\/uploads\/testimonial-on-napkin-Johannes-Maria-Pokorny-1-e1461536501681.jpg\"},{\"@type\":\"BreadcrumbList\",\"@id\":\"https:\/\/www.johannesmariapokorny.com\/en\/references-2\/#breadcrumb\",\"itemListElement\":[{\"@type\":\"ListItem\",\"position\":1,\"name\":\"Home\",\"item\":\"https:\/\/www.johannesmariapokorny.com\/en\/\"},{\"@type\":\"ListItem\",\"position\":2,\"name\":\"REFERENCES\"}]},{\"@type\":\"WebSite\",\"@id\":\"https:\/\/www.johannesmariapokorny.com\/en\/#website\",\"url\":\"https:\/\/www.johannesmariapokorny.com\/en\/\",\"name\":\"Johannes Maria Pokorny\",\"description\":\"\",\"publisher\":{\"@id\":\"https:\/\/www.johannesmariapokorny.com\/en\/#organization\"},\"potentialAction\":[{\"@type\":\"SearchAction\",\"target\":{\"@type\":\"EntryPoint\",\"urlTemplate\":\"https:\/\/www.johannesmariapokorny.com\/en\/?s={search_term_string}\"},\"query-input\":\"required name=search_term_string\"}],\"inLanguage\":\"en-US\"},{\"@type\":\"Organization\",\"@id\":\"https:\/\/www.johannesmariapokorny.com\/en\/#organization\",\"name\":\"Johannes Maria Pokorny\",\"alternateName\":\"Pokorny\",\"url\":\"https:\/\/www.johannesmariapokorny.com\/en\/\",\"logo\":{\"@type\":\"ImageObject\",\"inLanguage\":\"en-US\",\"@id\":\"https:\/\/www.johannesmariapokorny.com\/en\/#\/schema\/logo\/image\/\",\"url\":\"https:\/\/www.johannesmariapokorny.com\/wp-content\/uploads\/2014\/03\/logo_itouch_records_144x144.png\",\"contentUrl\":\"https:\/\/www.johannesmariapokorny.com\/wp-content\/uploads\/2014\/03\/logo_itouch_records_144x144.png\",\"width\":144,\"height\":144,\"caption\":\"Johannes Maria Pokorny\"},\"image\":{\"@id\":\"https:\/\/www.johannesmariapokorny.com\/en\/#\/schema\/logo\/image\/\"},\"sameAs\":[\"https:\/\/www.facebook.com\/pages\/Johannes-Maria-Pokorny\/1399076663671828?ref=stream\"]}]}<\/script>\n<!-- \/ Yoast SEO plugin. -->","yoast_head_json":{"title":"Johannes Maria Pokorny - References","description":"Your piano playing mesmerized me! C.W. - The description of your own unique music style, which I found online, is really very accurate and we are looking forward to a CD or the next time in the Gloriette!","robots":{"index":"index","follow":"follow","max-snippet":"max-snippet:-1","max-image-preview":"max-image-preview:large","max-video-preview":"max-video-preview:-1"},"canonical":"https:\/\/www.johannesmariapokorny.com\/en\/references-2\/","og_locale":"en_US","og_type":"article","og_title":"Johannes Maria Pokorny - References","og_description":"Your piano playing mesmerized me! C.W. - The description of your own unique music style, which I found online, is really very accurate and we are looking forward to a CD or the next time in the Gloriette!","og_url":"https:\/\/www.johannesmariapokorny.com\/en\/references-2\/","og_site_name":"Johannes Maria Pokorny","article_publisher":"https:\/\/www.facebook.com\/pages\/Johannes-Maria-Pokorny\/1399076663671828?ref=stream","article_modified_time":"2024-08-04T16:45:21+00:00","og_image":[{"url":"https:\/\/www.johannesmariapokorny.com\/wp-content\/uploads\/testimonial-on-napkin-Johannes-Maria-Pokorny-1-e1461536501681.jpg"}],"twitter_misc":{"Est. reading time":"4 minutes"},"schema":{"@context":"https:\/\/schema.org","@graph":[{"@type":"WebPage","@id":"https:\/\/www.johannesmariapokorny.com\/en\/references-2\/","url":"https:\/\/www.johannesmariapokorny.com\/en\/references-2\/","name":"Johannes Maria Pokorny - References","isPartOf":{"@id":"https:\/\/www.johannesmariapokorny.com\/en\/#website"},"primaryImageOfPage":{"@id":"https:\/\/www.johannesmariapokorny.com\/en\/references-2\/#primaryimage"},"image":{"@id":"https:\/\/www.johannesmariapokorny.com\/en\/references-2\/#primaryimage"},"thumbnailUrl":"https:\/\/www.johannesmariapokorny.com\/wp-content\/uploads\/testimonial-on-napkin-Johannes-Maria-Pokorny-1-e1461536501681.jpg","datePublished":"2023-02-17T19:42:25+00:00","dateModified":"2024-08-04T16:45:21+00:00","description":"Your piano playing mesmerized me! C.W. - The description of your own unique music style, which I found online, is really very accurate and we are looking forward to a CD or the next time in the Gloriette!","breadcrumb":{"@id":"https:\/\/www.johannesmariapokorny.com\/en\/references-2\/#breadcrumb"},"inLanguage":"en-US","potentialAction":[{"@type":"ReadAction","target":["https:\/\/www.johannesmariapokorny.com\/en\/references-2\/"]}]},{"@type":"ImageObject","inLanguage":"en-US","@id":"https:\/\/www.johannesmariapokorny.com\/en\/references-2\/#primaryimage","url":"https:\/\/www.johannesmariapokorny.com\/wp-content\/uploads\/testimonial-on-napkin-Johannes-Maria-Pokorny-1-e1461536501681.jpg","contentUrl":"https:\/\/www.johannesmariapokorny.com\/wp-content\/uploads\/testimonial-on-napkin-Johannes-Maria-Pokorny-1-e1461536501681.jpg"},{"@type":"BreadcrumbList","@id":"https:\/\/www.johannesmariapokorny.com\/en\/references-2\/#breadcrumb","itemListElement":[{"@type":"ListItem","position":1,"name":"Home","item":"https:\/\/www.johannesmariapokorny.com\/en\/"},{"@type":"ListItem","position":2,"name":"REFERENCES"}]},{"@type":"WebSite","@id":"https:\/\/www.johannesmariapokorny.com\/en\/#website","url":"https:\/\/www.johannesmariapokorny.com\/en\/","name":"Johannes Maria Pokorny","description":"","publisher":{"@id":"https:\/\/www.johannesmariapokorny.com\/en\/#organization"},"potentialAction":[{"@type":"SearchAction","target":{"@type":"EntryPoint","urlTemplate":"https:\/\/www.johannesmariapokorny.com\/en\/?s={search_term_string}"},"query-input":"required name=search_term_string"}],"inLanguage":"en-US"},{"@type":"Organization","@id":"https:\/\/www.johannesmariapokorny.com\/en\/#organization","name":"Johannes Maria Pokorny","alternateName":"Pokorny","url":"https:\/\/www.johannesmariapokorny.com\/en\/","logo":{"@type":"ImageObject","inLanguage":"en-US","@id":"https:\/\/www.johannesmariapokorny.com\/en\/#\/schema\/logo\/image\/","url":"https:\/\/www.johannesmariapokorny.com\/wp-content\/uploads\/2014\/03\/logo_itouch_records_144x144.png","contentUrl":"https:\/\/www.johannesmariapokorny.com\/wp-content\/uploads\/2014\/03\/logo_itouch_records_144x144.png","width":144,"height":144,"caption":"Johannes Maria Pokorny"},"image":{"@id":"https:\/\/www.johannesmariapokorny.com\/en\/#\/schema\/logo\/image\/"},"sameAs":["https:\/\/www.facebook.com\/pages\/Johannes-Maria-Pokorny\/1399076663671828?ref=stream"]}]}},"jetpack_shortlink":"https:\/\/wp.me\/P4GEVQ-1yd","jetpack_sharing_enabled":true,"jetpack-related-posts":[],"_links":{"self":[{"href":"https:\/\/www.johannesmariapokorny.com\/en\/wp-json\/wp\/v2\/pages\/5965"}],"collection":[{"href":"https:\/\/www.johannesmariapokorny.com\/en\/wp-json\/wp\/v2\/pages"}],"about":[{"href":"https:\/\/www.johannesmariapokorny.com\/en\/wp-json\/wp\/v2\/types\/page"}],"author":[{"embeddable":true,"href":"https:\/\/www.johannesmariapokorny.com\/en\/wp-json\/wp\/v2\/users\/4"}],"replies":[{"embeddable":true,"href":"https:\/\/www.johannesmariapokorny.com\/en\/wp-json\/wp\/v2\/comments?post=5965"}],"version-history":[{"count":1,"href":"https:\/\/www.johannesmariapokorny.com\/en\/wp-json\/wp\/v2\/pages\/5965\/revisions"}],"predecessor-version":[{"id":7194,"href":"https:\/\/www.johannesmariapokorny.com\/en\/wp-json\/wp\/v2\/pages\/5965\/revisions\/7194"}],"wp:attachment":[{"href":"https:\/\/www.johannesmariapokorny.com\/en\/wp-json\/wp\/v2\/media?parent=5965"}],"curies":[{"name":"wp","href":"https:\/\/api.w.org\/{rel}","templated":true}]}}